{"id":6697,"date":"2023-10-05T09:25:09","date_gmt":"2023-10-05T07:25:09","guid":{"rendered":"https:\/\/romain-guerin.com\/?post_type=product&#038;p=6697"},"modified":"2026-02-02T18:41:11","modified_gmt":"2026-02-02T17:41:11","slug":"le-grand-soulevement","status":"publish","type":"product","link":"https:\/\/romain-guerin.com\/index.php\/product\/le-grand-soulevement\/","title":{"rendered":"Le Grand Soul\u00e8vement"},"content":{"rendered":"","protected":false},"excerpt":{"rendered":"<p>Vidar sirotait le verre de rhum que le vieux loup de mer lui avait, comme \u00e0 son habitude, servi \u00e0 son insu. Les vapeurs de l&rsquo;eau-de-vie lui montaient progressivement \u00e0 la t\u00eate et r\u00e9organisaient avec bonheur le chantier de ses id\u00e9es. Il fixa le plafond. Il riait int\u00e9rieurement en pensant qu&rsquo;au-dessus de son ravissant salon, il n&rsquo;y avait qu&rsquo;un tas de pierres qui faisait fuir les corbeaux. Au del\u00e0 du crime atroce de l&rsquo;avortement de masse, il consid\u00e9ra cet immonde et immense g\u00e2chis. Son esprit, berc\u00e9 par les mol\u00e9cules c\u00e2lines de l&rsquo;alcool, se plut \u00e0 imaginer ce qu&rsquo;il ferait lui, s&rsquo;il pouvait arracher tous ces petits \u00eatres \u00e0 leur funeste sort. Il r\u00e9concilierait Sparte et Ath\u00e8nes\u2026 des corps d\u2019hoplite\u2026 des \u00e2mes de po\u00e8te\u2026 tout \u00e0 coup, Vidar se leva avec fracas. Sa chaise tomba \u00e0 la renverse et son verre vide se brisa sur le sol. Il fit signe \u00e0 Rocaboy de se mettre en route pour l&rsquo;a\u00e9roport et partit sans un bagage pour New-York.<\/p>\n<p><a href=\"https:\/\/amzn.eu\/d\/6tfA5lR\"><img decoding=\"async\" class=\"alignnone wp-image-6881 size-full\" src=\"https:\/\/romain-guerin.com\/wp-content\/uploads\/acheter-sur-1.png\" alt=\"\" width=\"200\" height=\"50\" \/><\/a><\/p>\n","protected":false},"featured_media":6876,"comment_status":"open","ping_status":"closed","template":"","meta":{"site-sidebar-layout":"default","site-content-layout":"","ast-site-content-layout":"default","site-content-style":"default","site-sidebar-style":"default","ast-global-header-display":"","ast-banner-title-visibility":"","ast-main-header-display":"","ast-hfb-above-header-display":"","ast-hfb-below-header-display":"","ast-hfb-mobile-header-display":"","site-post-title":"","ast-breadcrumbs-content":"","ast-featured-img":"","footer-sml-layout":"","ast-disable-related-posts":"","theme-transparent-header-meta":"default","adv-header-id-meta":"","stick-header-meta":"","header-above-stick-meta":"","header-main-stick-meta":"","header-below-stick-meta":"","astra-migrate-meta-layouts":"set","ast-page-background-enabled":"default","ast-page-background-meta":{"desktop":{"background-color":"var(--ast-global-color-5)","background-image":"","background-repeat":"repeat","background-position":"center center","background-size":"auto","background-attachment":"scroll","background-type":"","background-media":"","overlay-type":"","overlay-color":"","overlay-opacity":"","overlay-gradient":""},"tablet":{"background-color":"","background-image":"","background-repeat":"repeat","background-position":"center center","background-size":"auto","background-attachment":"scroll","background-type":"","background-media":"","overlay-type":"","overlay-color":"","overlay-opacity":"","overlay-gradient":""},"mobile":{"background-color":"","background-image":"","background-repeat":"repeat","background-position":"center center","background-size":"auto","background-attachment":"scroll","background-type":"","background-media":"","overlay-type":"","overlay-color":"","overlay-opacity":"","overlay-gradient":""}},"ast-content-background-meta":{"desktop":{"background-color":"var(--ast-global-color-4)","background-image":"","background-repeat":"repeat","background-position":"center center","background-size":"auto","background-attachment":"scroll","background-type":"","background-media":"","overlay-type":"","overlay-color":"","overlay-opacity":"","overlay-gradient":""},"tablet":{"background-color":"var(--ast-global-color-4)","background-image":"","background-repeat":"repeat","background-position":"center center","background-size":"auto","background-attachment":"scroll","background-type":"","background-media":"","overlay-type":"","overlay-color":"","overlay-opacity":"","overlay-gradient":""},"mobile":{"background-color":"var(--ast-global-color-4)","background-image":"","background-repeat":"repeat","background-position":"center center","background-size":"auto","background-attachment":"scroll","background-type":"","background-media":"","overlay-type":"","overlay-color":"","overlay-opacity":"","overlay-gradient":""}}},"product_brand":[],"product_cat":[172,175,177],"product_tag":[],"class_list":{"0":"post-6697","1":"product","2":"type-product","3":"status-publish","4":"has-post-thumbnail","6":"product_cat-libres","7":"product_cat-nouveaute","8":"product_cat-romans","9":"product_shipping_class-coffrets-poesie-romans","10":"desktop-align-left","11":"tablet-align-left","12":"mobile-align-left","14":"first","15":"instock","16":"shipping-taxable","17":"purchasable","18":"product-type-variable","19":"has-default-attributes"},"_links":{"self":[{"href":"https:\/\/romain-guerin.com\/index.php\/wp-json\/wp\/v2\/product\/6697","targetHints":{"allow":["GET"]}}],"collection":[{"href":"https:\/\/romain-guerin.com\/index.php\/wp-json\/wp\/v2\/product"}],"about":[{"href":"https:\/\/romain-guerin.com\/index.php\/wp-json\/wp\/v2\/types\/product"}],"replies":[{"embeddable":true,"href":"https:\/\/romain-guerin.com\/index.php\/wp-json\/wp\/v2\/comments?post=6697"}],"wp:featuredmedia":[{"embeddable":true,"href":"https:\/\/romain-guerin.com\/index.php\/wp-json\/wp\/v2\/media\/6876"}],"wp:attachment":[{"href":"https:\/\/romain-guerin.com\/index.php\/wp-json\/wp\/v2\/media?parent=6697"}],"wp:term":[{"taxonomy":"product_brand","embeddable":true,"href":"https:\/\/romain-guerin.com\/index.php\/wp-json\/wp\/v2\/product_brand?post=6697"},{"taxonomy":"product_cat","embeddable":true,"href":"https:\/\/romain-guerin.com\/index.php\/wp-json\/wp\/v2\/product_cat?post=6697"},{"taxonomy":"product_tag","embeddable":true,"href":"https:\/\/romain-guerin.com\/index.php\/wp-json\/wp\/v2\/product_tag?post=6697"}],"curies":[{"name":"wp","href":"https:\/\/api.w.org\/{rel}","templated":true}]}}