{"id":64,"date":"2016-10-20T10:22:24","date_gmt":"2016-10-20T08:22:24","guid":{"rendered":"http:\/\/demo.tokomoo.com\/pustaka\/buku\/product\/life-giant\/"},"modified":"2026-02-02T18:57:56","modified_gmt":"2026-02-02T17:57:56","slug":"annefrance","status":"publish","type":"product","link":"https:\/\/romain-guerin.com\/index.php\/product\/annefrance\/","title":{"rendered":"Le journal d&rsquo;Anne-France"},"content":{"rendered":"","protected":false},"excerpt":{"rendered":"<p>Jean Raspail : Le journal d\u2019Anne-France est un chef-d\u2019oeuvre.<\/p>\n<p>\u00ab Ce livre est le plus grand bonheur de lecture que j\u2019ai eu depuis longtemps. Des larmes ont souvent coul\u00e9, notamment ces extraordinaires passages de la fin o\u00f9 le fils interroge sa m\u00e8re : sublime. Je n\u2019ai plus la force de vous en faire ici un commentaire dont les mots m\u2019ont \u00e9chapp\u00e9, l\u2019intelligence admirable du r\u00e9cit, sa profondeur, la beaut\u00e9 des sentiments, les questions majeurs qui se posent. Je lis mais avec mes l\u00e8vres, t\u00e9moins silencieux devant (j\u2019ose le mot) ce chef d\u2019oeuvre. Dieu a d\u00fb vous injecter des doses d\u2019inspiration. Il m\u2019a fait le coup autrefois. J\u2019ai pr\u00eat\u00e9 votre livre \u00e0 un ami, qui l\u2019a pr\u00eat\u00e9 \u00e0 un autre, et le livre ne m\u2019est pas encore revenu, mais mon t\u00e9l\u00e9phone sonne souvent ; l\u2019admiration et la sid\u00e9ration sont g\u00e9n\u00e9rales. \u00bb<\/p>\n<p><a href=\"https:\/\/amzn.to\/3UdmSNC\"><img decoding=\"async\" class=\"alignnone size-full wp-image-6881\" src=\"https:\/\/romain-guerin.com\/wp-content\/uploads\/acheter-sur-1.png\" alt=\"\" width=\"200\" height=\"50\" \/><\/a><\/p>\n","protected":false},"featured_media":6146,"comment_status":"open","ping_status":"closed","template":"","meta":{"site-sidebar-layout":"default","site-content-layout":"","ast-site-content-layout":"default","site-content-style":"default","site-sidebar-style":"default","ast-global-header-display":"","ast-banner-title-visibility":"","ast-main-header-display":"","ast-hfb-above-header-display":"","ast-hfb-below-header-display":"","ast-hfb-mobile-header-display":"","site-post-title":"","ast-breadcrumbs-content":"","ast-featured-img":"","footer-sml-layout":"","ast-disable-related-posts":"","theme-transparent-header-meta":"default","adv-header-id-meta":"","stick-header-meta":"","header-above-stick-meta":"","header-main-stick-meta":"","header-below-stick-meta":"","astra-migrate-meta-layouts":"set","ast-page-background-enabled":"default","ast-page-background-meta":{"desktop":{"background-color":"var(--ast-global-color-5)","background-image":"","background-repeat":"repeat","background-position":"center center","background-size":"auto","background-attachment":"scroll","background-type":"","background-media":"","overlay-type":"","overlay-color":"","overlay-opacity":"","overlay-gradient":""},"tablet":{"background-color":"","background-image":"","background-repeat":"repeat","background-position":"center center","background-size":"auto","background-attachment":"scroll","background-type":"","background-media":"","overlay-type":"","overlay-color":"","overlay-opacity":"","overlay-gradient":""},"mobile":{"background-color":"","background-image":"","background-repeat":"repeat","background-position":"center center","background-size":"auto","background-attachment":"scroll","background-type":"","background-media":"","overlay-type":"","overlay-color":"","overlay-opacity":"","overlay-gradient":""}},"ast-content-background-meta":{"desktop":{"background-color":"var(--ast-global-color-4)","background-image":"","background-repeat":"repeat","background-position":"center center","background-size":"auto","background-attachment":"scroll","background-type":"","background-media":"","overlay-type":"","overlay-color":"","overlay-opacity":"","overlay-gradient":""},"tablet":{"background-color":"var(--ast-global-color-4)","background-image":"","background-repeat":"repeat","background-position":"center center","background-size":"auto","background-attachment":"scroll","background-type":"","background-media":"","overlay-type":"","overlay-color":"","overlay-opacity":"","overlay-gradient":""},"mobile":{"background-color":"var(--ast-global-color-4)","background-image":"","background-repeat":"repeat","background-position":"center center","background-size":"auto","background-attachment":"scroll","background-type":"","background-media":"","overlay-type":"","overlay-color":"","overlay-opacity":"","overlay-gradient":""}}},"product_brand":[],"product_cat":[172,177],"product_tag":[],"class_list":{"0":"post-64","1":"product","2":"type-product","3":"status-publish","4":"has-post-thumbnail","6":"product_cat-libres","7":"product_cat-romans","8":"desktop-align-left","9":"tablet-align-left","10":"mobile-align-left","12":"first","13":"instock","14":"shipping-taxable","15":"purchasable","16":"product-type-variable","17":"has-default-attributes"},"_links":{"self":[{"href":"https:\/\/romain-guerin.com\/index.php\/wp-json\/wp\/v2\/product\/64","targetHints":{"allow":["GET"]}}],"collection":[{"href":"https:\/\/romain-guerin.com\/index.php\/wp-json\/wp\/v2\/product"}],"about":[{"href":"https:\/\/romain-guerin.com\/index.php\/wp-json\/wp\/v2\/types\/product"}],"replies":[{"embeddable":true,"href":"https:\/\/romain-guerin.com\/index.php\/wp-json\/wp\/v2\/comments?post=64"}],"wp:featuredmedia":[{"embeddable":true,"href":"https:\/\/romain-guerin.com\/index.php\/wp-json\/wp\/v2\/media\/6146"}],"wp:attachment":[{"href":"https:\/\/romain-guerin.com\/index.php\/wp-json\/wp\/v2\/media?parent=64"}],"wp:term":[{"taxonomy":"product_brand","embeddable":true,"href":"https:\/\/romain-guerin.com\/index.php\/wp-json\/wp\/v2\/product_brand?post=64"},{"taxonomy":"product_cat","embeddable":true,"href":"https:\/\/romain-guerin.com\/index.php\/wp-json\/wp\/v2\/product_cat?post=64"},{"taxonomy":"product_tag","embeddable":true,"href":"https:\/\/romain-guerin.com\/index.php\/wp-json\/wp\/v2\/product_tag?post=64"}],"curies":[{"name":"wp","href":"https:\/\/api.w.org\/{rel}","templated":true}]}}