{"id":50,"date":"2016-10-20T09:51:45","date_gmt":"2016-10-20T07:51:45","guid":{"rendered":"http:\/\/demo.tokomoo.com\/pustaka\/buku\/product\/kursi-taman\/"},"modified":"2026-02-02T19:00:16","modified_gmt":"2026-02-02T18:00:16","slug":"la-chorale-des-cadavres","status":"publish","type":"product","link":"https:\/\/romain-guerin.com\/index.php\/product\/la-chorale-des-cadavres\/","title":{"rendered":"La Chorale des Cadavres"},"content":{"rendered":"","protected":false},"excerpt":{"rendered":"<p>La Chorale des Cadavres est un recueil de 67 po\u00e8mes. Il est le premier volet de l&rsquo;oeuvre po\u00e9tique de Romain Gu\u00e9rin, achev\u00e9e \u00e0 l&rsquo;\u00e2ge de 28 ans.<\/p>\n<p>De versification et d\u2019exigence classique, traitant de th\u00e8mes \u00e9ternels et actuels, ses diff\u00e9rents po\u00e8mes ne visent qu&rsquo;une seule et m\u00eame cible, une cible oubli\u00e9e et pers\u00e9cut\u00e9e de nos jours : le Beau.<\/p>\n<p><a href=\"https:\/\/amzn.to\/44crzfj\"><img decoding=\"async\" class=\"alignnone size-full wp-image-6881\" src=\"https:\/\/romain-guerin.com\/wp-content\/uploads\/acheter-sur-1.png\" alt=\"\" width=\"200\" height=\"50\" \/><\/a><\/p>\n","protected":false},"featured_media":4746,"comment_status":"open","ping_status":"closed","template":"","meta":{"site-sidebar-layout":"default","site-content-layout":"","ast-site-content-layout":"default","site-content-style":"default","site-sidebar-style":"default","ast-global-header-display":"","ast-banner-title-visibility":"","ast-main-header-display":"","ast-hfb-above-header-display":"","ast-hfb-below-header-display":"","ast-hfb-mobile-header-display":"","site-post-title":"","ast-breadcrumbs-content":"","ast-featured-img":"","footer-sml-layout":"","ast-disable-related-posts":"","theme-transparent-header-meta":"default","adv-header-id-meta":"","stick-header-meta":"","header-above-stick-meta":"","header-main-stick-meta":"","header-below-stick-meta":"","astra-migrate-meta-layouts":"set","ast-page-background-enabled":"default","ast-page-background-meta":{"desktop":{"background-color":"var(--ast-global-color-5)","background-image":"","background-repeat":"repeat","background-position":"center center","background-size":"auto","background-attachment":"scroll","background-type":"","background-media":"","overlay-type":"","overlay-color":"","overlay-opacity":"","overlay-gradient":""},"tablet":{"background-color":"","background-image":"","background-repeat":"repeat","background-position":"center center","background-size":"auto","background-attachment":"scroll","background-type":"","background-media":"","overlay-type":"","overlay-color":"","overlay-opacity":"","overlay-gradient":""},"mobile":{"background-color":"","background-image":"","background-repeat":"repeat","background-position":"center center","background-size":"auto","background-attachment":"scroll","background-type":"","background-media":"","overlay-type":"","overlay-color":"","overlay-opacity":"","overlay-gradient":""}},"ast-content-background-meta":{"desktop":{"background-color":"var(--ast-global-color-4)","background-image":"","background-repeat":"repeat","background-position":"center center","background-size":"auto","background-attachment":"scroll","background-type":"","background-media":"","overlay-type":"","overlay-color":"","overlay-opacity":"","overlay-gradient":""},"tablet":{"background-color":"var(--ast-global-color-4)","background-image":"","background-repeat":"repeat","background-position":"center center","background-size":"auto","background-attachment":"scroll","background-type":"","background-media":"","overlay-type":"","overlay-color":"","overlay-opacity":"","overlay-gradient":""},"mobile":{"background-color":"var(--ast-global-color-4)","background-image":"","background-repeat":"repeat","background-position":"center center","background-size":"auto","background-attachment":"scroll","background-type":"","background-media":"","overlay-type":"","overlay-color":"","overlay-opacity":"","overlay-gradient":""}}},"product_brand":[],"product_cat":[172,178],"product_tag":[],"class_list":{"0":"post-50","1":"product","2":"type-product","3":"status-publish","4":"has-post-thumbnail","6":"product_cat-libres","7":"product_cat-poesie","8":"desktop-align-left","9":"tablet-align-left","10":"mobile-align-left","12":"first","13":"instock","14":"shipping-taxable","15":"purchasable","16":"product-type-variable","17":"has-default-attributes"},"_links":{"self":[{"href":"https:\/\/romain-guerin.com\/index.php\/wp-json\/wp\/v2\/product\/50","targetHints":{"allow":["GET"]}}],"collection":[{"href":"https:\/\/romain-guerin.com\/index.php\/wp-json\/wp\/v2\/product"}],"about":[{"href":"https:\/\/romain-guerin.com\/index.php\/wp-json\/wp\/v2\/types\/product"}],"replies":[{"embeddable":true,"href":"https:\/\/romain-guerin.com\/index.php\/wp-json\/wp\/v2\/comments?post=50"}],"wp:featuredmedia":[{"embeddable":true,"href":"https:\/\/romain-guerin.com\/index.php\/wp-json\/wp\/v2\/media\/4746"}],"wp:attachment":[{"href":"https:\/\/romain-guerin.com\/index.php\/wp-json\/wp\/v2\/media?parent=50"}],"wp:term":[{"taxonomy":"product_brand","embeddable":true,"href":"https:\/\/romain-guerin.com\/index.php\/wp-json\/wp\/v2\/product_brand?post=50"},{"taxonomy":"product_cat","embeddable":true,"href":"https:\/\/romain-guerin.com\/index.php\/wp-json\/wp\/v2\/product_cat?post=50"},{"taxonomy":"product_tag","embeddable":true,"href":"https:\/\/romain-guerin.com\/index.php\/wp-json\/wp\/v2\/product_tag?post=50"}],"curies":[{"name":"wp","href":"https:\/\/api.w.org\/{rel}","templated":true}]}}